{"id":8042,"date":"2021-04-30T21:54:37","date_gmt":"2021-04-30T19:54:37","guid":{"rendered":"https:\/\/alain-wohlgemuth.com\/?post_type=product&#038;p=8042"},"modified":"2026-01-27T13:16:11","modified_gmt":"2026-01-27T12:16:11","slug":"dae-ander-jass-kartenset","status":"publish","type":"product","link":"https:\/\/shop.alain-wohlgemuth.com\/index.php\/produkt\/dae-ander-jass-kartenset\/","title":{"rendered":"D\u00e4 Ander Jass &#8211; Kartenset"},"content":{"rendered":"","protected":false},"excerpt":{"rendered":"","protected":false},"featured_media":8372,"template":"","meta":[],"product_brand":[],"product_cat":[61],"product_tag":[],"class_list":{"0":"post-8042","1":"product","2":"type-product","3":"status-publish","4":"has-post-thumbnail","6":"product_cat-dae-ander-jass-webshop","8":"first","9":"outofstock","10":"sale","11":"taxable","12":"shipping-taxable","13":"purchasable","14":"product-type-simple"},"yoast_head":"<!-- This site is optimized with the Yoast SEO plugin v21.3 - https:\/\/yoast.com\/wordpress\/plugins\/seo\/ -->\n<title>D\u00e4 Ander Jass - Kartenset<\/title>\n<meta name=\"description\" content=\"D\u00e4 Ander Jass - kaufe dein Kartenset. Jassen mit mehr Diversit\u00e4t.\" \/>\n<meta name=\"robots\" content=\"index, follow, max-snippet:-1, max-image-preview:large, max-video-preview:-1\" \/>\n<link rel=\"canonical\" href=\"https:\/\/shop.alain-wohlgemuth.com\/index.php\/produkt\/dae-ander-jass-kartenset\/\" \/>\n<meta property=\"og:locale\" content=\"de_DE\" \/>\n<meta property=\"og:type\" content=\"article\" \/>\n<meta property=\"og:title\" content=\"D\u00e4 Ander Jass - Kartenset\" \/>\n<meta property=\"og:description\" content=\"D\u00e4 Ander Jass - kaufe dein Kartenset. Jassen mit mehr Diversit\u00e4t.\" \/>\n<meta property=\"og:url\" content=\"https:\/\/shop.alain-wohlgemuth.com\/index.php\/produkt\/dae-ander-jass-kartenset\/\" \/>\n<meta property=\"og:site_name\" content=\"Ander Jass\" \/>\n<meta property=\"article:modified_time\" content=\"2026-01-27T12:16:11+00:00\" \/>\n<meta property=\"og:image\" content=\"http:\/\/shop.alain-wohlgemuth.com\/wp-content\/uploads\/2022\/03\/1410755-scaled_2.jpg\" \/>\n\t<meta property=\"og:image:width\" content=\"2560\" \/>\n\t<meta property=\"og:image:height\" content=\"1707\" \/>\n\t<meta property=\"og:image:type\" content=\"image\/jpeg\" \/>\n<meta name=\"twitter:card\" content=\"summary_large_image\" \/>\n<script type=\"application\/ld+json\" class=\"yoast-schema-graph\">{\"@context\":\"https:\/\/schema.org\",\"@graph\":[{\"@type\":\"WebPage\",\"@id\":\"https:\/\/shop.alain-wohlgemuth.com\/index.php\/produkt\/dae-ander-jass-kartenset\/\",\"url\":\"https:\/\/shop.alain-wohlgemuth.com\/index.php\/produkt\/dae-ander-jass-kartenset\/\",\"name\":\"D\u00e4 Ander Jass - Kartenset\",\"isPartOf\":{\"@id\":\"https:\/\/shop.alain-wohlgemuth.com\/#website\"},\"datePublished\":\"2021-04-30T19:54:37+00:00\",\"dateModified\":\"2026-01-27T12:16:11+00:00\",\"description\":\"D\u00e4 Ander Jass - kaufe dein Kartenset. Jassen mit mehr Diversit\u00e4t.\",\"breadcrumb\":{\"@id\":\"https:\/\/shop.alain-wohlgemuth.com\/index.php\/produkt\/dae-ander-jass-kartenset\/#breadcrumb\"},\"inLanguage\":\"de\",\"potentialAction\":[{\"@type\":\"ReadAction\",\"target\":[\"https:\/\/shop.alain-wohlgemuth.com\/index.php\/produkt\/dae-ander-jass-kartenset\/\"]}]},{\"@type\":\"BreadcrumbList\",\"@id\":\"https:\/\/shop.alain-wohlgemuth.com\/index.php\/produkt\/dae-ander-jass-kartenset\/#breadcrumb\",\"itemListElement\":[{\"@type\":\"ListItem\",\"position\":1,\"name\":\"Startseite\",\"item\":\"https:\/\/shop.alain-wohlgemuth.com\/\"},{\"@type\":\"ListItem\",\"position\":2,\"name\":\"Shop\",\"item\":\"https:\/\/shop.alain-wohlgemuth.com\/index.php\/shop\/\"},{\"@type\":\"ListItem\",\"position\":3,\"name\":\"D\u00e4 Ander Jass &#8211; Kartenset\"}]},{\"@type\":\"WebSite\",\"@id\":\"https:\/\/shop.alain-wohlgemuth.com\/#website\",\"url\":\"https:\/\/shop.alain-wohlgemuth.com\/\",\"name\":\"Ander Jass dein inklusives Jasskartenset\",\"description\":\"Webshop\",\"publisher\":{\"@id\":\"https:\/\/shop.alain-wohlgemuth.com\/#organization\"},\"potentialAction\":[{\"@type\":\"SearchAction\",\"target\":{\"@type\":\"EntryPoint\",\"urlTemplate\":\"https:\/\/shop.alain-wohlgemuth.com\/?s={search_term_string}\"},\"query-input\":\"required name=search_term_string\"}],\"inLanguage\":\"de\"},{\"@type\":\"Organization\",\"@id\":\"https:\/\/shop.alain-wohlgemuth.com\/#organization\",\"name\":\"Ander Jass dein inklusives Jasskartenset\",\"url\":\"https:\/\/shop.alain-wohlgemuth.com\/\",\"logo\":{\"@type\":\"ImageObject\",\"inLanguage\":\"de\",\"@id\":\"https:\/\/shop.alain-wohlgemuth.com\/#\/schema\/logo\/image\/\",\"url\":\"https:\/\/shop.alain-wohlgemuth.com\/wp-content\/uploads\/2025\/10\/Screenshot-2025-10-06-at-19.58.02.png\",\"contentUrl\":\"https:\/\/shop.alain-wohlgemuth.com\/wp-content\/uploads\/2025\/10\/Screenshot-2025-10-06-at-19.58.02.png\",\"width\":1010,\"height\":1010,\"caption\":\"Ander Jass dein inklusives Jasskartenset\"},\"image\":{\"@id\":\"https:\/\/shop.alain-wohlgemuth.com\/#\/schema\/logo\/image\/\"}}]}<\/script>\n<!-- \/ Yoast SEO plugin. -->","yoast_head_json":{"title":"D\u00e4 Ander Jass - Kartenset","description":"D\u00e4 Ander Jass - kaufe dein Kartenset. Jassen mit mehr Diversit\u00e4t.","robots":{"index":"index","follow":"follow","max-snippet":"max-snippet:-1","max-image-preview":"max-image-preview:large","max-video-preview":"max-video-preview:-1"},"canonical":"https:\/\/shop.alain-wohlgemuth.com\/index.php\/produkt\/dae-ander-jass-kartenset\/","og_locale":"de_DE","og_type":"article","og_title":"D\u00e4 Ander Jass - Kartenset","og_description":"D\u00e4 Ander Jass - kaufe dein Kartenset. Jassen mit mehr Diversit\u00e4t.","og_url":"https:\/\/shop.alain-wohlgemuth.com\/index.php\/produkt\/dae-ander-jass-kartenset\/","og_site_name":"Ander Jass","article_modified_time":"2026-01-27T12:16:11+00:00","og_image":[{"width":2560,"height":1707,"url":"http:\/\/shop.alain-wohlgemuth.com\/wp-content\/uploads\/2022\/03\/1410755-scaled_2.jpg","type":"image\/jpeg"}],"twitter_card":"summary_large_image","schema":{"@context":"https:\/\/schema.org","@graph":[{"@type":"WebPage","@id":"https:\/\/shop.alain-wohlgemuth.com\/index.php\/produkt\/dae-ander-jass-kartenset\/","url":"https:\/\/shop.alain-wohlgemuth.com\/index.php\/produkt\/dae-ander-jass-kartenset\/","name":"D\u00e4 Ander Jass - Kartenset","isPartOf":{"@id":"https:\/\/shop.alain-wohlgemuth.com\/#website"},"datePublished":"2021-04-30T19:54:37+00:00","dateModified":"2026-01-27T12:16:11+00:00","description":"D\u00e4 Ander Jass - kaufe dein Kartenset. Jassen mit mehr Diversit\u00e4t.","breadcrumb":{"@id":"https:\/\/shop.alain-wohlgemuth.com\/index.php\/produkt\/dae-ander-jass-kartenset\/#breadcrumb"},"inLanguage":"de","potentialAction":[{"@type":"ReadAction","target":["https:\/\/shop.alain-wohlgemuth.com\/index.php\/produkt\/dae-ander-jass-kartenset\/"]}]},{"@type":"BreadcrumbList","@id":"https:\/\/shop.alain-wohlgemuth.com\/index.php\/produkt\/dae-ander-jass-kartenset\/#breadcrumb","itemListElement":[{"@type":"ListItem","position":1,"name":"Startseite","item":"https:\/\/shop.alain-wohlgemuth.com\/"},{"@type":"ListItem","position":2,"name":"Shop","item":"https:\/\/shop.alain-wohlgemuth.com\/index.php\/shop\/"},{"@type":"ListItem","position":3,"name":"D\u00e4 Ander Jass &#8211; Kartenset"}]},{"@type":"WebSite","@id":"https:\/\/shop.alain-wohlgemuth.com\/#website","url":"https:\/\/shop.alain-wohlgemuth.com\/","name":"Ander Jass dein inklusives Jasskartenset","description":"Webshop","publisher":{"@id":"https:\/\/shop.alain-wohlgemuth.com\/#organization"},"potentialAction":[{"@type":"SearchAction","target":{"@type":"EntryPoint","urlTemplate":"https:\/\/shop.alain-wohlgemuth.com\/?s={search_term_string}"},"query-input":"required name=search_term_string"}],"inLanguage":"de"},{"@type":"Organization","@id":"https:\/\/shop.alain-wohlgemuth.com\/#organization","name":"Ander Jass dein inklusives Jasskartenset","url":"https:\/\/shop.alain-wohlgemuth.com\/","logo":{"@type":"ImageObject","inLanguage":"de","@id":"https:\/\/shop.alain-wohlgemuth.com\/#\/schema\/logo\/image\/","url":"https:\/\/shop.alain-wohlgemuth.com\/wp-content\/uploads\/2025\/10\/Screenshot-2025-10-06-at-19.58.02.png","contentUrl":"https:\/\/shop.alain-wohlgemuth.com\/wp-content\/uploads\/2025\/10\/Screenshot-2025-10-06-at-19.58.02.png","width":1010,"height":1010,"caption":"Ander Jass dein inklusives Jasskartenset"},"image":{"@id":"https:\/\/shop.alain-wohlgemuth.com\/#\/schema\/logo\/image\/"}}]}},"_links":{"self":[{"href":"https:\/\/shop.alain-wohlgemuth.com\/index.php\/wp-json\/wp\/v2\/product\/8042","targetHints":{"allow":["GET"]}}],"collection":[{"href":"https:\/\/shop.alain-wohlgemuth.com\/index.php\/wp-json\/wp\/v2\/product"}],"about":[{"href":"https:\/\/shop.alain-wohlgemuth.com\/index.php\/wp-json\/wp\/v2\/types\/product"}],"wp:featuredmedia":[{"embeddable":true,"href":"https:\/\/shop.alain-wohlgemuth.com\/index.php\/wp-json\/wp\/v2\/media\/8372"}],"wp:attachment":[{"href":"https:\/\/shop.alain-wohlgemuth.com\/index.php\/wp-json\/wp\/v2\/media?parent=8042"}],"wp:term":[{"taxonomy":"product_brand","embeddable":true,"href":"https:\/\/shop.alain-wohlgemuth.com\/index.php\/wp-json\/wp\/v2\/product_brand?post=8042"},{"taxonomy":"product_cat","embeddable":true,"href":"https:\/\/shop.alain-wohlgemuth.com\/index.php\/wp-json\/wp\/v2\/product_cat?post=8042"},{"taxonomy":"product_tag","embeddable":true,"href":"https:\/\/shop.alain-wohlgemuth.com\/index.php\/wp-json\/wp\/v2\/product_tag?post=8042"}],"curies":[{"name":"wp","href":"https:\/\/api.w.org\/{rel}","templated":true}]}}